{"id":4379,"date":"2018-05-09T23:51:38","date_gmt":"2018-05-09T20:51:38","guid":{"rendered":"http:\/\/www.artme-gallery.com\/yuriy-voytovych-kopirovat\/"},"modified":"2021-01-28T15:49:52","modified_gmt":"2021-01-28T12:49:52","slug":"yuriy-musatov-2","status":"publish","type":"page","link":"https:\/\/artme-gallery.com\/en\/artisits\/yuriy-musatov-2\/","title":{"rendered":"Yuriy Musatov"},"content":{"rendered":"\n<div class=\"wp-block-columns\">\n<div class=\"wp-block-column\" style=\"flex-basis:33.33%\">\n<figure class=\"wp-block-image size-large\"><img loading=\"lazy\" width=\"960\" height=\"640\" src=\"https:\/\/artme-gallery.com\/wp-content\/uploads\/2018\/05\/Yuriy-Musatov-1.jpg\" alt=\"\" class=\"wp-image-14899\" srcset=\"https:\/\/artme-gallery.com\/wp-content\/uploads\/2018\/05\/Yuriy-Musatov-1.jpg 960w, https:\/\/artme-gallery.com\/wp-content\/uploads\/2018\/05\/Yuriy-Musatov-1-300x200.jpg 300w, https:\/\/artme-gallery.com\/wp-content\/uploads\/2018\/05\/Yuriy-Musatov-1-768x512.jpg 768w, https:\/\/artme-gallery.com\/wp-content\/uploads\/2018\/05\/Yuriy-Musatov-1-600x400.jpg 600w\" sizes=\"(max-width: 960px) 100vw, 960px\" \/><\/figure>\n<\/div>\n\n\n\n<div class=\"wp-block-column\" style=\"flex-basis:66.66%\">\n<h2>Yuriy Musatov<\/h2>\n\n\n\n<p>Born in 1981 in Ukraine.In 2008 graduated from Lviv National Academy of Arts, Faculty of \u00a0Decorative and Applied Art, Department of Art Ceramics. Master degree.<\/p>\n<p>In 2001 graduated from Sumy Higher Arts and Culture College named after Dmytro Bortnyansky.<\/p>\n<p><strong>Professional Membership<\/strong><\/p>\n<p>2017 International Academy of Ceramics<\/p>\n<p>2017 National Union of Artists of Ukraine Solo<\/p>\n<p><strong>Projects and Exhibitions:<\/strong><\/p>\n<p>2017 \u00abMy mountains\u00bb: Shcherbenko Art Center, Kyiv. Ukraine<\/p>\n<p>2016 \u00abFixation\u00bb Sky Art Foundation \/ Art Space, Kyiv, Ukraine<\/p>\n<p>2015 \u00abSinergy\u00bb: Ukrainian-Chinese project (Yuriy Musatov \/Alona Olasyuk). Sky Art Foundation Art Space, Kyiv, Ukraine<\/p>\n<p>2015 The \u00abEVOLUTION OF CLOUDS\u00bb Yuriy Musatov within the VII Great Sculpture Salon \/ The Mystetskyi Arsenal National Cultural-Arts and Museum Complex. Kyiv, Ukraine<\/p>\n<p>2012 \u00abKhmaroutvorennia\u00bb (Formation of Clouds) \/ Art Gallery of the Spiritual Culture Development Center, Opishne, Ukraine<\/p>\n<p>2012 \u00abCLOUDS\u00bb \/ Center of Culture and Sport, \u00abKaplica Zamkowa\u00bb Gallery Szyd\u0142owiec, Poland<\/p>\n<p><strong>Objects in the Public Environment:<\/strong><\/p>\n<p>2016 \u00abMy Thai\u00bb campus Sanam Chan. Silpakorn University, Thailand<\/p>\n<p>2015 \u00abExplosions\u00bb. Ceramic sculptures. Feldman Ecopark. Kharkiv, Ukraine<\/p>\n<p>2013 \u00abTower\u00bb. Ceramic sculpture dedicated to the V National Competitive Exhibition of Art Pottery \u00abCeramPik in Opishne\u00bb. Height 515 cm, Opishne, Ukraine<\/p>\n<p><strong>Exhibitions:<\/strong><\/p>\n<p>2017 \u00abTriangle\u00bb \/ Sky Art Foundation \/ Kyiv \/ Ukraine<\/p>\n<p>2017 Voyage of Discovery, Clayarch Gimhae Museum, Gimhae, Korea<\/p>\n<p>2017 XIII International Biennial of Ceramic Art of Aveiro, Aveiro, Portugal<\/p>\n<p>2017 3rd Cluj Ceramics Biennial, Cluj-Napoca, Romania<\/p>\n<p>2017 Ukrainian Biennale of Art Ceramics by Vasyl Krychecsky, Opishne, Ukraine<\/p>\n<p>2017 CELEBRATION INTERNATIONAL CERAMIC SYMPOSIUM EXHIBITION International ceramic Studio.<\/p>\n<p>2017 K\u00e1polna Gal\u00e9ria, International Ceramic Studio, Kecskem\u00e9t, Hungary<\/p>\n<p>2017 \u00abBALANCE\u00bb 5th \u00a0International Triennial of Silicate Arts\u00a0 \/ International Ceramics Studio, Kecskemet, Hungary<\/p>\n<p>2017 \u00abCorpusculum II\u00bb. Lavra Gallery, Kyiv, Ukraine.<\/p>\n<p>2016 \u00abImplementing the mission\u00bb Art project \/ M17 Contemporary Art Center, Kyiv, Ukraine<\/p>\n<p>2016 18 BIENNAL DE CER\u00c0MICA D\u2019ESPLUGUES \/ MEL \u2013 Museus d`Esplugues, Spain<\/p>\n<p>2016 \u00abClouded Lands\u00bb \/ Mystetskyi Arsenal, Kyiv, Ukraine<\/p>\n<p>2015 \u00abGREEN LIFE\u00bb \/ Modern Art Research Institute of the National Academy of Arts of Ukraine, Kyiv, Ukraine<\/p>\n<p>2015 CORPUSCULUM \u00a0Exhibition of non-figurative sculptures \/ Modern Art Research Institute of the National Academy of Arts of Ukraine, Kyiv, Ukraine<\/p>\n<p>2015 International Contemporary Ceramic Art Exhibition \/ the Forbidden City, Beijing, China<\/p>\n<p>2015 XII International Biennial of Ceramic Art of Aveiro. Aveiro, Portugal<\/p>\n<p>2015 \u00abArt for Peace\u00bb Exhibition participant artists works at Korean Cultural Center in Ankara \/ Ankara, Turkey<\/p>\n<p>2015 Cluj Ceramics Biennale \/ Cluj Art Museum, Cluj, Romania<\/p>\n<p>2015 THE III INTERNATIONAL TRIENNIAL OF CERAMICS UNICUM<\/p>\n<p>2015 PRESENTED BY THE NATIONAL MUSEUM OF SLOVENIA \/ Liubliana, Slovenia<\/p>\n<p>2015 \u00abModern Art of Fire\u00bb \/ Central House of Artists, Kyiv, Ukraine<\/p>\n<p>2014 SERES\u201914 3rd INTERNATIONAL CERAMIC and GLASS EXHIBITION \/ Anadolu University, Eski\u015fehir, Turkey<\/p>\n<p>2014 \u00abDialog der Generationen\u00bb \/ Galerie Friederike Zeit, Deidesheim, Germany<\/p>\n<p>2014 4th International Triennial of Silicat Art \/ International Ceramics Studio, Kecskemet, Hungary<\/p>\n<p>2013 \u00abAccessible Art\u00bb \/ Shcherbenko Art Center, Kyiv, Ukraine<\/p>\n<p>2013 \u00ab\u0421eramics \/ Glass\u00bb \/ Exhibition of contemporary ceramics and glass, Ukrainian Institute of \u00a0Modern Art (UIMA), Chicago, USA<\/p>\n<p>2013 \u00abArt of Seeing\u00bb within the framework of VIII ART KYIV Contemporary III \/ The Mystetskyi Arsenal National Cultural-Arts and Museum Complex, Kyiv, Ukraine<\/p>\n<p>2013 XI International Biennial of Ceramic Art of Aveiro, Aveiro, Portugal<\/p>\n<p>2013 Festival \u00abModern Ceramics in Urban Space\u00bb, Youth on Andriivskyi, Kyiv, Ukraine<\/p>\n<p>2013 \u00abArt, Design, Photography\u00bb \/ Shcherbenko Art Center, Kyiv, Ukraine<\/p>\n<p>2012 International Biennale of Applied and Decorative Arts \/ Konstantin Brinkush Exhibition Center \/ Kishinev, Moldova<\/p>\n<p>2009, 2010, 2011, 2012, 2013 National Competitive Exhibition of Art Pottery \u00abCeramPik in Opishne\u00bb \/ National Museum of Ukrainian Pottery in Opishne, Opishne, Ukraine<\/p>\n<p>2011 International Exhibition of Ceramics \u00abOutside Boundaries\u00bb \/ Museum of Applied Art of School of Art and Design after A.L.Stieglitz, St. Petersburg, Russian Federation<\/p>\n<p>2010 International Exhibition of the Small Porcelain Forms. Museum of Porcelain, Riga, Latvia<\/p>\n<p>2010 \u00abZNAK\u00bb 9 International Biennale of Ceramics organized by the association Keramos, Warsaw, PolandSymposiums.<\/p>\n<p><strong>Residences:<\/strong><\/p>\n<p>2017 \u00a0International residency program at the Creative Center in Clayarch Gimhae Museum, Korea<\/p>\n<p>2017 International Ceramic Symposium to celebrate the 40th anniversary of the International Ceramic Studio, Kecskemet, Hungary<\/p>\n<p>2017 National Symposium of Artistic Ceramic \u00abPhulosophy of life\u00bb, Opishne, Ukraine<\/p>\n<p>2016 Ceramic Art Residency \u00a0\/ FuLe International Ceramic Art Museums (FLICAM), Fuping, Shaanxi, China<\/p>\n<p>2016 \u00abBucovina\u00bb International Ceramic Symposium, Chernivtsi, Ukraine<\/p>\n<p>2016 XXI Panevezys International Ceramic Symposium, Panevezys, Lithuania<\/p>\n<p>2016 \u00abSanamchandra Clay Work 2\u00bb\/ Silpakorn Ceramics Symposium, Thailand<\/p>\n<p>2015 Beijing (China) International Macsabal Woodfire Festival, China<\/p>\n<p>2015 Hacettepe University Macsabal Wood Firing Symposium, Ankara, Turkey<\/p>\n<p>2015 \u00abFeldman Art Park\u00bb \/ Festival of contemporary art young authors. Feldman Ecopark, Kharkiv, Ukraine<\/p>\n<p>2014 V INTERSymposium of Ceramics in Opishne \u00ab2014: 14 \u044514\u00bb, Opishne, Ukraine<\/p>\n<p>2013 International Symposium of Ceramic Art \u00abLANDscape\u00bb, Daugavpils, Latvia<\/p>\n<p>2012 CeramoResidence \/ National Museum of Ukrainian Pottery in Opishne, Opishne, Ukraine<\/p>\n<p>2012 Residence in the Center of Polish Sculpture, Oronsko, Poland<\/p>\n<p>2012 \u0406II INTER Symposium of Ceramics in Opishne \u00ab2012: 12 \u044512\u00bb, Opishne, Ukraine<\/p>\n<p>2012 \u00abIntonation\u00bb VIII International Symposium of Ceramics, Deidesheim, Germany<\/p>\n<p>2011 47 International Symposium of Ceramics and Sculpture in Boleslawiec, Boleslawiec, Poland<\/p>\n<p>2011 \u0406I INTERSymposium of Ceramics in Opishne \u00ab2011: 11\u044511\u00bb, Opishne, Ukraine<\/p>\n<p>2010 International Project ATELIER OF ART \u00abHous der Freude\u00bb, Wildenbruch, Germany<\/p>\n<p>2010 III International Symposium of Ceramics \u00abUkraina Soborna\u00bb, Sl\u043evyansk, Ukraine<\/p>\n<p>2009, 2010 II International Symposium of Ceramics \u00abArt-Wagonetka\u00bb, Sumy, Ukraine<\/p>\n<p>2008 International Symposium of Art Pottery \u00abPorcelana Hodzez\u00bb, Chodziez, Poland<\/p>\n<p>2007 International Plein Air of Art Pottery \u00abMini-Ceramics\u00bb, Lviv, Ukraine<\/p>\n<p>2004 II International Symposium of Art Pottery \u00abART-Zhyzhal\u00bb, Babruysk, BelarusAwards and Scholarship<\/p>\n<p><strong>Programs:<\/strong><\/p>\n<p>2014 I and II Prizes in V INTERSymposium of Ceramics in Opishne \u00ab2014: 14\u044514\u00bb, Opishne,Ukraine<\/p>\n<p>2012 \u0406\u0406 Prize. \u0406V National Competitive Exhibition of Art Pottery \u00abCeramPik in Opishne\u00bb,Opishne, Ukraine<\/p>\n<p>2012 I Prize. \u0406II INTERSymposium of Ceramics in Opishne \u00ab2012: 12\u044512\u00bb, Opishne, Ukraine<\/p>\n<p>2011 Grand Prix. \u0406I INTERSymposium of Ceramics in Opishne \u00ab2011: 11\u044511\u00bb, Opishne,Ukraine<\/p>\n<p>2008, 2012 Participant of the scholarship program of the Ministry of Culture and Heritage of theRepublic of Poland \u00abGaude Polonia\u00bb<\/p>\n<p><strong>Works are in collections:<\/strong><\/p>\n<p>Sky Art Foundation, UkraineFuLe International Ceramic Art Museums (FLICAM). Fuping, Nr Xian, Shaanxi, ChinaSweetArt Gallery, Chernivtsi, UkraineSilpakorn University, ThailandPanevezys Civic Art Gallery, Panevezys, LithuaniaHacettepe University Faculty of Fine Arts Department of Ceramics, Ankara, TurkeyNational Cultural Collection, Anadolu University, Eskisehir, TurkeyNational Museum of \u00a0Slovenia, Ljubljana, SloveniaInternational Ceramics Studio, Kecskemet, HungaryDaugavpils Mark Rothko Art Center, LatviaUkrainian Institute of \u00a0Modern Art (UIMA), Chicago, USASergey Machno \u00a0Architects, Kyiv, UkraineCollection Hannelore Seiffert, Pottery designer and collector, GermanyZepter, Milan, ItalyAveiro Municipal Museum, PortugalBabruysk Art Museum, BelarusSumy Porcelain Factory Museum, Sumy, UkraineNational Museum of \u00a0Ukrainian Pottery, Opishne, Ukraine<\/p>\n<p><strong>Publications:<\/strong><\/p>\n<p>500 Teapots. Volume 2 (Lark Publishing, 2013)<\/p>\n<\/div>\n<\/div>\n\n\n<div class=\"woocommerce columns-3 \"><div class=\"woocommerce columns-3 \">\n<ul class=\"products grid\">\n<li class=\"product type-product\">\n\t<div class=\"img-wrap\"><\/div> <!--\/.wrap--><div class=\"cf_short_description\"><b>Yuriy Musatov <\/b><br>\r\n<i>Dirty star, 2014<\/i><br>\r\nChamotte clay, engobes, glaze<br>\r\n20\u044543\u044544 \u0441m<\/div><\/li>\n<li class=\"product type-product\">\n\t<div class=\"img-wrap\"><\/div> <!--\/.wrap--><div class=\"cf_short_description\"><b>Yuriy Musatov <\/b><br>\r\n<i>Explosion III, 2015<\/i><br>\r\nChamotte clay, glaze<br>\r\n65\u044537\u044537\u0441m<\/div><\/li>\n<li class=\"product type-product\">\n\t<div class=\"img-wrap\"><\/div> <!--\/.wrap--><div class=\"cf_short_description\"><b>Yuriy Musatov <\/b><br>\r\n<i>Strange, 2015<\/i><br>\r\nChamotte clay, engobes, glaze<br>\r\n59\u044528\u044532 \u0441m<\/div><\/li>\n<li class=\"product type-product\">\n\t<div class=\"img-wrap\"><\/div> <!--\/.wrap--><div class=\"cf_short_description\"><b>Yuriy Musatov <\/b><br><i>Black cirrus cloud, 2014<\/i><br>Chamotte clay, glaze<br>30\u044530\u044522 \u0441m<\/div><\/li>\n<li class=\"product type-product\">\n\t<div class=\"img-wrap\"><\/div> <!--\/.wrap--><div class=\"cf_short_description\"><b>Yuriy Musatov <\/b><br>\r\n<i>Eruption, 2017<\/i><br>\r\nChamotte clay, colored masses, glaze<br>\r\n52\u044523\u044523 \u0441m<\/div><\/li>\n<li class=\"product type-product\">\n\t<div class=\"img-wrap\"><\/div> <!--\/.wrap--><div class=\"cf_short_description\"><b>Yuriy Musatov <\/b><br>\r\n<i>Eruption, 2017<\/i><br>\r\nChamotte clay, colored masses, glaze<br>\r\n64\u044525\u044525 \u0441m<\/div><\/li>\n<li class=\"product type-product\">\n\t<div class=\"img-wrap\"><\/div> <!--\/.wrap--><div class=\"cf_short_description\"><b>Yuriy Musatov <\/b><br><i>Cloud, 2017<\/i><br>Chamotte clay, engobes, glaze<br>44,5\u044529\u044520,5 \u0441m<\/div><\/li>\n<li class=\"product type-product\">\n\t<div class=\"img-wrap\"><\/div> <!--\/.wrap--><div class=\"cf_short_description\"><b>Yuriy Musatov <\/b><br>\r\n<i>My planet, 2017<\/i><br>\r\nChamotte clay, copper oxide<br>\r\nDiameter 30 \u0441m<\/div><\/li>\n<li class=\"product type-product\">\n\t<div class=\"img-wrap\"><\/div> <!--\/.wrap--><div class=\"cf_short_description\"><b>Yuriy Musatov <\/b><br>\r\n<i>Explosion, 2015<\/i><br>\r\nChamotte clay, engobes, glaze<br>\r\n80\u044535\u044530 \u0441m<\/div><\/li>\n<li class=\"product type-product\">\n\t<div class=\"img-wrap\"><\/div> <!--\/.wrap--><div class=\"cf_short_description\"><b>Yuriy Musatov <\/b><br>\r\n<i>Explosion II, 2015<\/i><br>\r\nChamotte clay, glaze<br>\r\n90\u044530\u044535 \u0441m<\/div><\/li>\n<li class=\"product type-product\">\n\t<div class=\"img-wrap\"><\/div> <!--\/.wrap--><div class=\"cf_short_description\"><b>Yuriy Musatov <\/b><br>\r\n<i>Tree, 2015<\/i><br>\r\nChamotte clay, glaze<br>\r\n80\u044522\u044522 \u0441\u043c<\/div><\/li>\n<li class=\"product type-product\">\n\t<div class=\"img-wrap\"><\/div> <!--\/.wrap--><div class=\"cf_short_description\"><b>Yuriy Musatov <\/b><br><i>Cloud, 2017<\/i><br>Chamotte clay, engobes, glaze<br>37\u044538\u044511,5 \u0441m<\/div><\/li>\n<li class=\"product type-product\">\n\t<div class=\"img-wrap\"><\/div> <!--\/.wrap--><div class=\"cf_short_description\"><b>Yuriy Musatov <\/b><br><i>Cheese, 2017<\/i><br>Chamotte clay, engobes, glaze<br>25\u044535\u044510 \u0441m<\/div><\/li>\n<li class=\"product type-product\">\n\t<div class=\"img-wrap\"><\/div> <!--\/.wrap--><div class=\"cf_short_description\"><b>Yuriy Musatov <\/b><br>\r\n<i>Star, 2017<\/i><br>\r\nChamotte clay, glaze<br>\r\n34\u044534\u044523 \u0441m<\/div><\/li>\n<li class=\"product type-product\">\n\t<div class=\"img-wrap\"><\/div> <!--\/.wrap--><div class=\"cf_short_description\"><b>Yuriy Musatov <\/b><br>\r\n<i>Green Cloud Formation, 2012<\/i><br>\r\nChamotte clay, engobes, glaze<br>\r\n59\u044518\u044530 \u0441m<\/div><\/li>\n<\/ul>\n<\/div><\/div>\n","protected":false},"excerpt":{"rendered":"<p class=\"excerpt\">Yuriy Musatov Born in 1981 in Ukraine.In 2008 graduated from Lviv National Academy of Arts, Faculty of \u00a0Decorative and Applied Art, Department of Art Ceramics. Master degree. In 2001 graduated from Sumy Higher Arts and Culture College named after Dmytro Bortnyansky. Professional Membership 2017 International Academy of Ceramics 2017 National Union of Artists of Ukraine [&hellip;]<\/p>\n","protected":false},"author":4,"featured_media":17328,"parent":338,"menu_order":0,"comment_status":"closed","ping_status":"closed","template":"template-artists.php","meta":[],"acf":[],"yoast_head":"<!-- This site is optimized with the Yoast SEO plugin v17.6 - https:\/\/yoast.com\/wordpress\/plugins\/seo\/ -->\n<title>Yuriy Musatov - artme-gallery<\/title>\n<meta name=\"robots\" content=\"index, follow, max-snippet:-1, max-image-preview:large, max-video-preview:-1\" \/>\n<link rel=\"canonical\" href=\"https:\/\/artme-gallery.com\/en\/artisits\/yuriy-musatov-2\/\" \/>\n<meta property=\"og:locale\" content=\"en_US\" \/>\n<meta property=\"og:type\" content=\"article\" \/>\n<meta property=\"og:title\" content=\"Yuriy Musatov - artme-gallery\" \/>\n<meta property=\"og:description\" content=\"Yuriy Musatov Born in 1981 in Ukraine.In 2008 graduated from Lviv National Academy of Arts, Faculty of \u00a0Decorative and Applied Art, Department of Art Ceramics. Master degree. In 2001 graduated from Sumy Higher Arts and Culture College named after Dmytro Bortnyansky. Professional Membership 2017 International Academy of Ceramics 2017 National Union of Artists of Ukraine [&hellip;]\" \/>\n<meta property=\"og:url\" content=\"https:\/\/artme-gallery.com\/en\/artisits\/yuriy-musatov-2\/\" \/>\n<meta property=\"og:site_name\" content=\"artme-gallery\" \/>\n<meta property=\"article:modified_time\" content=\"2021-01-28T12:49:52+00:00\" \/>\n<meta property=\"og:image\" content=\"https:\/\/artme-gallery.com\/wp-content\/uploads\/2021\/01\/YUrij-Musatov.jpg\" \/>\n\t<meta property=\"og:image:width\" content=\"609\" \/>\n\t<meta property=\"og:image:height\" content=\"440\" \/>\n<meta name=\"twitter:card\" content=\"summary\" \/>\n<meta name=\"twitter:label1\" content=\"Est. reading time\" \/>\n\t<meta name=\"twitter:data1\" content=\"5 minutes\" \/>\n<script type=\"application\/ld+json\" class=\"yoast-schema-graph\">{\"@context\":\"https:\/\/schema.org\",\"@graph\":[{\"@type\":\"WebSite\",\"@id\":\"https:\/\/artme-gallery.com\/ru\/#website\",\"url\":\"https:\/\/artme-gallery.com\/ru\/\",\"name\":\"artme-gallery\",\"description\":\"\\u0425\\u0443\\u0434\\u043e\\u0436\\u0435\\u0441\\u0442\\u0432\\u0435\\u043d\\u043d\\u0430\\u044f \\u0433\\u0430\\u043b\\u0435\\u0440\\u0435\\u044f \\u043e\\u043d\\u043b\\u0430\\u0439\\u043d\",\"potentialAction\":[{\"@type\":\"SearchAction\",\"target\":{\"@type\":\"EntryPoint\",\"urlTemplate\":\"https:\/\/artme-gallery.com\/ru\/?s={search_term_string}\"},\"query-input\":\"required name=search_term_string\"}],\"inLanguage\":\"en-US\"},{\"@type\":\"ImageObject\",\"@id\":\"https:\/\/artme-gallery.com\/en\/artisits\/yuriy-musatov-2\/#primaryimage\",\"inLanguage\":\"en-US\",\"url\":\"https:\/\/artme-gallery.com\/wp-content\/uploads\/2021\/01\/YUrij-Musatov.jpg\",\"contentUrl\":\"https:\/\/artme-gallery.com\/wp-content\/uploads\/2021\/01\/YUrij-Musatov.jpg\",\"width\":609,\"height\":440},{\"@type\":\"WebPage\",\"@id\":\"https:\/\/artme-gallery.com\/en\/artisits\/yuriy-musatov-2\/#webpage\",\"url\":\"https:\/\/artme-gallery.com\/en\/artisits\/yuriy-musatov-2\/\",\"name\":\"Yuriy Musatov - artme-gallery\",\"isPartOf\":{\"@id\":\"https:\/\/artme-gallery.com\/ru\/#website\"},\"primaryImageOfPage\":{\"@id\":\"https:\/\/artme-gallery.com\/en\/artisits\/yuriy-musatov-2\/#primaryimage\"},\"datePublished\":\"2018-05-09T20:51:38+00:00\",\"dateModified\":\"2021-01-28T12:49:52+00:00\",\"breadcrumb\":{\"@id\":\"https:\/\/artme-gallery.com\/en\/artisits\/yuriy-musatov-2\/#breadcrumb\"},\"inLanguage\":\"en-US\",\"potentialAction\":[{\"@type\":\"ReadAction\",\"target\":[\"https:\/\/artme-gallery.com\/en\/artisits\/yuriy-musatov-2\/\"]}]},{\"@type\":\"BreadcrumbList\",\"@id\":\"https:\/\/artme-gallery.com\/en\/artisits\/yuriy-musatov-2\/#breadcrumb\",\"itemListElement\":[{\"@type\":\"ListItem\",\"position\":1,\"name\":\"\\u0413\\u043b\\u0430\\u0432\\u043d\\u0430\\u044f \\u0441\\u0442\\u0440\\u0430\\u043d\\u0438\\u0446\\u0430\",\"item\":\"https:\/\/artme-gallery.com\/en\/\"},{\"@type\":\"ListItem\",\"position\":2,\"name\":\"ARTISITS\",\"item\":\"https:\/\/artme-gallery.com\/en\/artisits\/\"},{\"@type\":\"ListItem\",\"position\":3,\"name\":\"Yuriy Musatov\"}]}]}<\/script>\n<!-- \/ Yoast SEO plugin. -->","yoast_head_json":{"title":"Yuriy Musatov - artme-gallery","robots":{"index":"index","follow":"follow","max-snippet":"max-snippet:-1","max-image-preview":"max-image-preview:large","max-video-preview":"max-video-preview:-1"},"canonical":"https:\/\/artme-gallery.com\/en\/artisits\/yuriy-musatov-2\/","og_locale":"en_US","og_type":"article","og_title":"Yuriy Musatov - artme-gallery","og_description":"Yuriy Musatov Born in 1981 in Ukraine.In 2008 graduated from Lviv National Academy of Arts, Faculty of \u00a0Decorative and Applied Art, Department of Art Ceramics. Master degree. In 2001 graduated from Sumy Higher Arts and Culture College named after Dmytro Bortnyansky. Professional Membership 2017 International Academy of Ceramics 2017 National Union of Artists of Ukraine [&hellip;]","og_url":"https:\/\/artme-gallery.com\/en\/artisits\/yuriy-musatov-2\/","og_site_name":"artme-gallery","article_modified_time":"2021-01-28T12:49:52+00:00","og_image":[{"width":609,"height":440,"url":"https:\/\/artme-gallery.com\/wp-content\/uploads\/2021\/01\/YUrij-Musatov.jpg","type":"image\/jpeg"}],"twitter_card":"summary","twitter_misc":{"Est. reading time":"5 minutes"},"schema":{"@context":"https:\/\/schema.org","@graph":[{"@type":"WebSite","@id":"https:\/\/artme-gallery.com\/ru\/#website","url":"https:\/\/artme-gallery.com\/ru\/","name":"artme-gallery","description":"\u0425\u0443\u0434\u043e\u0436\u0435\u0441\u0442\u0432\u0435\u043d\u043d\u0430\u044f \u0433\u0430\u043b\u0435\u0440\u0435\u044f \u043e\u043d\u043b\u0430\u0439\u043d","potentialAction":[{"@type":"SearchAction","target":{"@type":"EntryPoint","urlTemplate":"https:\/\/artme-gallery.com\/ru\/?s={search_term_string}"},"query-input":"required name=search_term_string"}],"inLanguage":"en-US"},{"@type":"ImageObject","@id":"https:\/\/artme-gallery.com\/en\/artisits\/yuriy-musatov-2\/#primaryimage","inLanguage":"en-US","url":"https:\/\/artme-gallery.com\/wp-content\/uploads\/2021\/01\/YUrij-Musatov.jpg","contentUrl":"https:\/\/artme-gallery.com\/wp-content\/uploads\/2021\/01\/YUrij-Musatov.jpg","width":609,"height":440},{"@type":"WebPage","@id":"https:\/\/artme-gallery.com\/en\/artisits\/yuriy-musatov-2\/#webpage","url":"https:\/\/artme-gallery.com\/en\/artisits\/yuriy-musatov-2\/","name":"Yuriy Musatov - artme-gallery","isPartOf":{"@id":"https:\/\/artme-gallery.com\/ru\/#website"},"primaryImageOfPage":{"@id":"https:\/\/artme-gallery.com\/en\/artisits\/yuriy-musatov-2\/#primaryimage"},"datePublished":"2018-05-09T20:51:38+00:00","dateModified":"2021-01-28T12:49:52+00:00","breadcrumb":{"@id":"https:\/\/artme-gallery.com\/en\/artisits\/yuriy-musatov-2\/#breadcrumb"},"inLanguage":"en-US","potentialAction":[{"@type":"ReadAction","target":["https:\/\/artme-gallery.com\/en\/artisits\/yuriy-musatov-2\/"]}]},{"@type":"BreadcrumbList","@id":"https:\/\/artme-gallery.com\/en\/artisits\/yuriy-musatov-2\/#breadcrumb","itemListElement":[{"@type":"ListItem","position":1,"name":"\u0413\u043b\u0430\u0432\u043d\u0430\u044f \u0441\u0442\u0440\u0430\u043d\u0438\u0446\u0430","item":"https:\/\/artme-gallery.com\/en\/"},{"@type":"ListItem","position":2,"name":"ARTISITS","item":"https:\/\/artme-gallery.com\/en\/artisits\/"},{"@type":"ListItem","position":3,"name":"Yuriy Musatov"}]}]}},"_links":{"self":[{"href":"https:\/\/artme-gallery.com\/en\/wp-json\/wp\/v2\/pages\/4379\/"}],"collection":[{"href":"https:\/\/artme-gallery.com\/en\/wp-json\/wp\/v2\/pages\/"}],"about":[{"href":"https:\/\/artme-gallery.com\/en\/wp-json\/wp\/v2\/types\/page\/"}],"author":[{"embeddable":true,"href":"https:\/\/artme-gallery.com\/en\/wp-json\/wp\/v2\/users\/4\/"}],"replies":[{"embeddable":true,"href":"https:\/\/artme-gallery.com\/en\/wp-json\/wp\/v2\/comments\/?post=4379"}],"version-history":[{"count":23,"href":"https:\/\/artme-gallery.com\/en\/wp-json\/wp\/v2\/pages\/4379\/revisions\/"}],"predecessor-version":[{"id":17351,"href":"https:\/\/artme-gallery.com\/en\/wp-json\/wp\/v2\/pages\/4379\/revisions\/17351\/"}],"up":[{"embeddable":true,"href":"https:\/\/artme-gallery.com\/en\/wp-json\/wp\/v2\/pages\/338\/"}],"wp:featuredmedia":[{"embeddable":true,"href":"https:\/\/artme-gallery.com\/en\/wp-json\/wp\/v2\/media\/17328\/"}],"wp:attachment":[{"href":"https:\/\/artme-gallery.com\/en\/wp-json\/wp\/v2\/media\/?parent=4379"}],"curies":[{"name":"wp","href":"https:\/\/api.w.org\/{rel}","templated":true}]}}